{"id":110,"date":"2016-03-14T17:18:56","date_gmt":"2016-03-14T17:18:56","guid":{"rendered":"http:\/\/www.flamencophilia.com\/?page_id=110"},"modified":"2025-01-05T19:27:50","modified_gmt":"2025-01-05T19:27:50","slug":"contrataciones","status":"publish","type":"page","link":"https:\/\/www.flamencophilia.com\/index.php\/contrataciones\/","title":{"rendered":"Contrataciones"},"content":{"rendered":"<p style=\"text-align: justify;\">\u00a1Llevamos el tablao flamenco tradicional a tu evento!<\/p>\n<p style=\"text-align: justify;\">La compa\u00f1\u00eda profesional de Flamencophilia colabora con m\u00fasicos profesionales dedicados al flamenco, logrando una experiencia que transporta al espectador a los patios sevillanos donde se baila, canta y toca con pasi\u00f3n y jondura.<\/p>\n<p style=\"text-align: justify;\">Manejamos diferentes formatos de presentaci\u00f3n, mismos que pueden variar en n\u00famero de integrantes, dependiendo del presupuesto del cliente y\/o de las necesidades del espacio en cuesti\u00f3n.<\/p>\n<p style=\"text-align: justify;\"><strong><em>Tablao Tradicional.- <\/em><\/strong>espect\u00e1culo que cuenta con las caracter\u00edsticas de un tablao tradicional andaluz, donde para abrir la funci\u00f3n se bailan las tradicionales \u201cSevillanas\u201d y se ejecutan diversas coreograf\u00edas de los palos (ritmos) m\u00e1s populares del flamenco. As\u00ed mismo, se presentan n\u00fameros musicales donde la voz del cantaor y la melod\u00eda de la guitarra tienen su momento estelar.<\/p>\n<p style=\"text-align: justify;\"><em><strong>Flamenco para el D\u00eda de Muertos.-<\/strong><\/em> recomendado para presentaciones cerca del 2 de noviembre. En este formato se alude a la tradici\u00f3n mexicana del \u201cD\u00eda de muertos\u201d por medio de la danza flamenca.<\/p>\n<p style=\"text-align: justify;\"><em><strong>Tablao Navide\u00f1o.-<\/strong> <\/em>espect\u00e1culo flamenco con formato de tablao andaluz que festeja la Navidad al modo de la ya tradicional \u201czambomba\u201d espa\u00f1ola: fiesta navide\u00f1a en la que se cantan villancicos al comp\u00e1s flamenco y se realizan coreograf\u00edas que acompa\u00f1an cantes con tem\u00e1tica de la \u00e9poca.<\/p>\n<p style=\"text-align: justify;\"><em><strong>Flamenco Did\u00e1ctico.-<\/strong><\/em> en esta versi\u00f3n del tablao, se hacen intervenciones a lo largo de la funci\u00f3n para explicar a los\/las asistentes diversas cuestiones acerca del flamenco: d\u00f3nde naci\u00f3 y sus ra\u00edces culturales, los instrumentos que se utilizan para hacer la m\u00fasica que se expone en escena, los movimientos de quienes bailan, el vestuario, los tipos de palos (ritmos), as\u00ed como los complementos como el abanico, el mant\u00f3n de Manila, etc\u00e9tera. Tambi\u00e9n, se realiza un ejercicio de r\u00edtmica (aspecto medular del flamenco) con los\/las asistentes y se les invita a participar bailando.<\/p>\n<p style=\"text-align: justify;\"><strong>Informes y contrataciones:<\/strong> info@flamencophilia.com \/ 8112556948<\/p>\n<p style=\"text-align: justify;\">\n","protected":false},"excerpt":{"rendered":"<p>\u00a1Llevamos el tablao flamenco tradicional a tu evento! La compa\u00f1\u00eda profesional de Flamencophilia colabora con m\u00fasicos profesionales dedicados al flamenco, logrando una experiencia que transporta al espectador a los patios<\/p>\n<p class=\"more-link\"><a class=\"button\" href=\"https:\/\/www.flamencophilia.com\/index.php\/contrataciones\/\" class=\"readmore\">Seguir leyendo<span class=\"screen-reader-text\">Contrataciones<\/span><\/a><\/p>\n","protected":false},"author":1,"featured_media":0,"parent":0,"menu_order":0,"comment_status":"closed","ping_status":"closed","template":"","meta":{"footnotes":""},"class_list":["post-110","page","type-page","status-publish","hentry"],"_links":{"self":[{"href":"https:\/\/www.flamencophilia.com\/index.php\/wp-json\/wp\/v2\/pages\/110","targetHints":{"allow":["GET"]}}],"collection":[{"href":"https:\/\/www.flamencophilia.com\/index.php\/wp-json\/wp\/v2\/pages"}],"about":[{"href":"https:\/\/www.flamencophilia.com\/index.php\/wp-json\/wp\/v2\/types\/page"}],"author":[{"embeddable":true,"href":"https:\/\/www.flamencophilia.com\/index.php\/wp-json\/wp\/v2\/users\/1"}],"replies":[{"embeddable":true,"href":"https:\/\/www.flamencophilia.com\/index.php\/wp-json\/wp\/v2\/comments?post=110"}],"version-history":[{"count":8,"href":"https:\/\/www.flamencophilia.com\/index.php\/wp-json\/wp\/v2\/pages\/110\/revisions"}],"predecessor-version":[{"id":218,"href":"https:\/\/www.flamencophilia.com\/index.php\/wp-json\/wp\/v2\/pages\/110\/revisions\/218"}],"wp:attachment":[{"href":"https:\/\/www.flamencophilia.com\/index.php\/wp-json\/wp\/v2\/media?parent=110"}],"curies":[{"name":"wp","href":"https:\/\/api.w.org\/{rel}","templated":true}]}}